{"id":254,"date":"2020-12-01T21:43:37","date_gmt":"2020-12-01T20:43:37","guid":{"rendered":"http:\/\/amis-st-mathieu.org\/?page_id=254"},"modified":"2024-12-26T16:38:22","modified_gmt":"2024-12-26T15:38:22","slug":"la-boutique","status":"publish","type":"page","link":"https:\/\/amis-st-mathieu.org\/index.php\/la-boutique\/","title":{"rendered":"La boutique"},"content":{"rendered":"\n<p>Pr\u00e9sente \u00e0 l&rsquo;accueil du mus\u00e9e, notre boutique vous propose une s\u00e9lection de <strong>cartes postales<\/strong> et de <strong>livres<\/strong> sur la pointe Saint-Mathieu. <\/p>\n\n\n\n<p>On peut aussi y acqu\u00e9rir des <strong>tote-bags<\/strong>, des <strong>T-shirts<\/strong>, des <strong>mugs<\/strong> \u00e0 l&rsquo;effigie de l&rsquo;association.<\/p>\n\n\n\n<p>Nouveaut\u00e9s  2024 : <\/p>\n\n\n\n<p>Le puzzle de St Mathieu par B.Morinay, les p\u00e2tes de fruits de l&rsquo;abbaye de Land\u00e9vennec<\/p>\n\n\n\n<figure class=\"wp-block-image size-large\"><img loading=\"lazy\" decoding=\"async\" width=\"1024\" height=\"768\" src=\"https:\/\/amis-st-mathieu.org\/wp-content\/uploads\/2024\/12\/469276602_1040656354738200_7992888219732800674_n-1024x768.jpg\" alt=\"\" class=\"wp-image-761\" srcset=\"https:\/\/amis-st-mathieu.org\/wp-content\/uploads\/2024\/12\/469276602_1040656354738200_7992888219732800674_n-1024x768.jpg 1024w, https:\/\/amis-st-mathieu.org\/wp-content\/uploads\/2024\/12\/469276602_1040656354738200_7992888219732800674_n-300x225.jpg 300w, https:\/\/amis-st-mathieu.org\/wp-content\/uploads\/2024\/12\/469276602_1040656354738200_7992888219732800674_n-768x576.jpg 768w, https:\/\/amis-st-mathieu.org\/wp-content\/uploads\/2024\/12\/469276602_1040656354738200_7992888219732800674_n-1536x1152.jpg 1536w, https:\/\/amis-st-mathieu.org\/wp-content\/uploads\/2024\/12\/469276602_1040656354738200_7992888219732800674_n.jpg 2048w\" sizes=\"auto, (max-width: 767px) 89vw, (max-width: 1000px) 54vw, (max-width: 1071px) 543px, 580px\" \/><\/figure>\n\n\n\n<p><\/p>\n","protected":false},"excerpt":{"rendered":"<p>Pr\u00e9sente \u00e0 l&rsquo;accueil du mus\u00e9e, notre boutique vous propose une s\u00e9lection de cartes postales et de livres sur la pointe Saint-Mathieu. On peut aussi y acqu\u00e9rir des tote-bags, des T-shirts, des mugs \u00e0 l&rsquo;effigie de l&rsquo;association. Nouveaut\u00e9s 2024 : Le puzzle de St Mathieu par B.Morinay, les p\u00e2tes de fruits de l&rsquo;abbaye de Land\u00e9vennec<\/p>\n","protected":false},"author":7,"featured_media":0,"parent":0,"menu_order":0,"comment_status":"closed","ping_status":"closed","template":"","meta":{"footnotes":""},"class_list":["post-254","page","type-page","status-publish","hentry"],"_links":{"self":[{"href":"https:\/\/amis-st-mathieu.org\/index.php\/wp-json\/wp\/v2\/pages\/254","targetHints":{"allow":["GET"]}}],"collection":[{"href":"https:\/\/amis-st-mathieu.org\/index.php\/wp-json\/wp\/v2\/pages"}],"about":[{"href":"https:\/\/amis-st-mathieu.org\/index.php\/wp-json\/wp\/v2\/types\/page"}],"author":[{"embeddable":true,"href":"https:\/\/amis-st-mathieu.org\/index.php\/wp-json\/wp\/v2\/users\/7"}],"replies":[{"embeddable":true,"href":"https:\/\/amis-st-mathieu.org\/index.php\/wp-json\/wp\/v2\/comments?post=254"}],"version-history":[{"count":6,"href":"https:\/\/amis-st-mathieu.org\/index.php\/wp-json\/wp\/v2\/pages\/254\/revisions"}],"predecessor-version":[{"id":762,"href":"https:\/\/amis-st-mathieu.org\/index.php\/wp-json\/wp\/v2\/pages\/254\/revisions\/762"}],"wp:attachment":[{"href":"https:\/\/amis-st-mathieu.org\/index.php\/wp-json\/wp\/v2\/media?parent=254"}],"curies":[{"name":"wp","href":"https:\/\/api.w.org\/{rel}","templated":true}]}}